{"id":611,"date":"2021-07-09T15:50:21","date_gmt":"2021-07-09T15:50:21","guid":{"rendered":"http:\/\/test.kutimuti.ee\/wordpress\/?page_id=611"},"modified":"2021-07-09T15:50:21","modified_gmt":"2021-07-09T15:50:21","slug":"tallinna-linna-soodustus","status":"publish","type":"page","link":"http:\/\/test.kutimuti.ee\/wordpress\/tallinna-linna-soodustus\/","title":{"rendered":"Tallinna linna  soodustus"},"content":{"rendered":"\n<p>Tallinn linna soodustus on Tallinna linna sissekirjutatud lastele antav soodustus, mille v\u00f5rra v\u00e4hendatakse tuusiku maksumust. Igas vahetuses on Tallinna Spordi- ja Noorsooameti poolt kindlaksm\u00e4\u00e4ratud arv soodustuusikuid, mist\u00f5ttu soodustust on v\u00f5imalik saada registreerimise j\u00e4rjekorra alusel. Laagri kodulehel on toodud kaks hinda: tavahind ning Tallinna laste hind. Tallinna laste hind (ehk soodustuse suurus) selgub orienteeruvalt aprilli l\u00f5pus. Kui laagrisse registreerimise avaldusel on Tallinna soodustuse lahter m\u00e4rgitud, siis kehtib tuusikule Tallinna laste hind ning teine arve KutiMuti Noortelaagri tuusiku eest saadetakse Tallinna laste hinna alusel.<br>Soodustust on v\u00f5imalik lapse kohta saada vaid \u00fcks kord suve jooksul.<\/p>\n","protected":false},"excerpt":{"rendered":"<p>Tallinn linna soodustus on Tallinna linna sissekirjutatud lastele antav soodustus, mille v\u00f5rra v\u00e4hendatakse tuusiku maksumust. Igas vahetuses on Tallinna Spordi- ja Noorsooameti poolt kindlaksm\u00e4\u00e4ratud arv &hellip;<\/p>\n","protected":false},"author":1,"featured_media":0,"parent":0,"menu_order":0,"comment_status":"closed","ping_status":"closed","template":"","meta":{"footnotes":""},"class_list":["post-611","page","type-page","status-publish","hentry"],"_links":{"self":[{"href":"http:\/\/test.kutimuti.ee\/wordpress\/wp-json\/wp\/v2\/pages\/611","targetHints":{"allow":["GET"]}}],"collection":[{"href":"http:\/\/test.kutimuti.ee\/wordpress\/wp-json\/wp\/v2\/pages"}],"about":[{"href":"http:\/\/test.kutimuti.ee\/wordpress\/wp-json\/wp\/v2\/types\/page"}],"author":[{"embeddable":true,"href":"http:\/\/test.kutimuti.ee\/wordpress\/wp-json\/wp\/v2\/users\/1"}],"replies":[{"embeddable":true,"href":"http:\/\/test.kutimuti.ee\/wordpress\/wp-json\/wp\/v2\/comments?post=611"}],"version-history":[{"count":1,"href":"http:\/\/test.kutimuti.ee\/wordpress\/wp-json\/wp\/v2\/pages\/611\/revisions"}],"predecessor-version":[{"id":613,"href":"http:\/\/test.kutimuti.ee\/wordpress\/wp-json\/wp\/v2\/pages\/611\/revisions\/613"}],"wp:attachment":[{"href":"http:\/\/test.kutimuti.ee\/wordpress\/wp-json\/wp\/v2\/media?parent=611"}],"curies":[{"name":"wp","href":"https:\/\/api.w.org\/{rel}","templated":true}]}}