{"id":66,"date":"2021-06-10T11:16:27","date_gmt":"2021-06-10T11:16:27","guid":{"rendered":"http:\/\/test.kutimuti.ee\/wordpress\/?page_id=66"},"modified":"2021-08-17T13:20:20","modified_gmt":"2021-08-17T11:20:20","slug":"vahetuste-kava","status":"publish","type":"page","link":"http:\/\/test.kutimuti.ee\/wordpress\/vahetuste-kava\/","title":{"rendered":"Vahetuste kava"},"content":{"rendered":"\t\t<div data-elementor-type=\"wp-page\" data-elementor-id=\"66\" class=\"elementor elementor-66\" data-elementor-settings=\"[]\">\n\t\t\t\t\t\t\t<div class=\"elementor-section-wrap\">\n\t\t\t\t\t\t\t<section class=\"elementor-section elementor-top-section elementor-element elementor-element-e185a87 elementor-section-boxed elementor-section-height-default elementor-section-height-default\" data-id=\"e185a87\" data-element_type=\"section\">\n\t\t\t\t\t\t<div class=\"elementor-container elementor-column-gap-default\">\n\t\t\t\t\t<div class=\"elementor-column elementor-col-100 elementor-top-column elementor-element elementor-element-a04a50d\" data-id=\"a04a50d\" data-element_type=\"column\">\n\t\t\t<div class=\"elementor-widget-wrap elementor-element-populated\">\n\t\t\t\t\t\t\t\t<div class=\"elementor-element elementor-element-a11e7d4 elementor-widget elementor-widget-spacer\" data-id=\"a11e7d4\" data-element_type=\"widget\" data-widget_type=\"spacer.default\">\n\t\t\t\t<div class=\"elementor-widget-container\">\n\t\t\t\t\t<div class=\"elementor-spacer\">\n\t\t\t<div class=\"elementor-spacer-inner\"><\/div>\n\t\t<\/div>\n\t\t\t\t<\/div>\n\t\t\t\t<\/div>\n\t\t\t\t<div class=\"elementor-element elementor-element-390062a elementor-view-default elementor-widget elementor-widget-icon\" data-id=\"390062a\" data-element_type=\"widget\" data-widget_type=\"icon.default\">\n\t\t\t\t<div class=\"elementor-widget-container\">\n\t\t\t\t\t<div class=\"elementor-icon-wrapper\">\n\t\t\t<div class=\"elementor-icon\">\n\t\t\t<i aria-hidden=\"true\" class=\"far fa-calendar-alt\"><\/i>\t\t\t<\/div>\n\t\t<\/div>\n\t\t\t\t<\/div>\n\t\t\t\t<\/div>\n\t\t\t\t<div class=\"elementor-element elementor-element-e84b7c8 elementor-widget elementor-widget-text-editor\" data-id=\"e84b7c8\" data-element_type=\"widget\" data-widget_type=\"text-editor.default\">\n\t\t\t\t<div class=\"elementor-widget-container\">\n\t\t\t\t\t\t\t\t<p><strong>KutiMuti vahetused 2021<\/strong><\/p>\t\t\t\t\t\t<\/div>\n\t\t\t\t<\/div>\n\t\t\t\t<div class=\"elementor-element elementor-element-1f4abff elementor-widget elementor-widget-spacer\" data-id=\"1f4abff\" data-element_type=\"widget\" data-widget_type=\"spacer.default\">\n\t\t\t\t<div class=\"elementor-widget-container\">\n\t\t\t\t\t<div class=\"elementor-spacer\">\n\t\t\t<div class=\"elementor-spacer-inner\"><\/div>\n\t\t<\/div>\n\t\t\t\t<\/div>\n\t\t\t\t<\/div>\n\t\t\t\t<div class=\"elementor-element elementor-element-9fca2e6 elementor-widget elementor-widget-html\" data-id=\"9fca2e6\" data-element_type=\"widget\" data-widget_type=\"html.default\">\n\t\t\t\t<div class=\"elementor-widget-container\">\n\t\t\t<div style=\"overflow-x: auto;\">\n<table style=\"height: 627px;\" width=\"1150\">\n<tbody>\n<tr>\n<td><strong>Vahetus<\/strong><\/td>\n<td><strong>Aeg<\/strong><\/td>\n<td><strong>Pikkus<\/strong>\n\n<strong>(p\u00e4eva)<\/strong><\/td>\n<td><strong>Suunitlus<\/strong><\/td>\n<td><strong>Vanus<\/strong><\/td>\n<td><strong>Hind<\/strong><\/td>\n<td><b><\/b><a href=\"http:\/\/test.kutimuti.ee\/wordpress\/tallinna-linna-soodustus\/\"><b>Tallinna laste hind<\/b><\/a><\/td>\n<\/tr>\n<tr>\n<td>I<\/td>\n<td>05.06-12.06<\/td>\n<td>8<\/td>\n<td>Spordiklubi oma personaliga<\/td>\n<td><\/td>\n<td><\/td>\n<td><\/td>\n<\/tr>\n<tr>\n<td>II<\/td>\n<td>13.06-20.06<\/td>\n<td>8<\/td>\n<td>Teatri\u00f5pe, jalgpall, kergej\u00f5ustik, muusika<\/td>\n<td>7-13<\/td>\n<td>145\u20ac<\/td>\n<td>125\u20ac<\/td>\n<\/tr>\n<tr>\n<td>III<\/td>\n<td>22.06-29.06<\/td>\n<td>8<\/td>\n<td>Draama\u00f5pe, sportm\u00e4ngud, orienteerumine, b\u00e4ndi\u00f5pe<\/td>\n<td>9-17<\/td>\n<td>155\u20ac<\/td>\n<td>140\u20ac<\/td>\n<\/tr>\n<tr>\n<td>IV<\/td>\n<td>01.07-08.07<\/td>\n<td>8<\/td>\n<td>Jalgpall, ujumine, teatri\u00f5pe, etikett<\/td>\n<td>8-14<\/td>\n<td>175\u20ac<\/td>\n<td>155\u20ac<\/td>\n<\/tr>\n<tr>\n<td>V<\/td>\n<td>09.07-16.07<\/td>\n<td>8<\/td>\n<td>Broneeritud:EDU Do klubi oma personaliga<\/td>\n<td>7-18<\/td>\n<td><\/td>\n<td><\/td>\n<\/tr>\n<tr>\n<td>VI<\/td>\n<td>18.07-25.07<\/td>\n<td>8<\/td>\n<td>Draama\u00f5pe, b\u00e4ndi\u00f5pe, keele\u00f5pe, sportm\u00e4ngud<\/td>\n<td>8-16<\/td>\n<td>175\u20ac<\/td>\n<td>155\u20ac<\/td>\n<\/tr>\n<tr>\n<td>VII<\/td>\n<td>27.07-03.08<\/td>\n<td>8<\/td>\n<td>Jalgpall, draama\u00f5pe, orienteerumine, tants, muusika<\/td>\n<td>8-17<\/td>\n<td>175\u20ac<\/td>\n<td>160\u20ac<\/td>\n<\/tr>\n<tr>\n<td>VIII<\/td>\n<td>04.08-11.08<\/td>\n<td>8<\/td>\n<td>Ujumine, sportm\u00e4ngud,  teatri\u00f5pe, laul, tants<\/td>\n<td>7-13<\/td>\n<td>170\u20ac<\/td>\n<td>150\u20ac<\/td>\n<\/tr>\n<tr>\n<td>IX<\/td>\n<td>12.08-19.08<\/td>\n<td>8<\/td>\n<td>Jalgrattamatkad, akrobaatika, draama\u00f5pe, f\u00fcsioteraapia<\/td>\n<td>8-16<\/td>\n<td>160\u20ac<\/td>\n<td>145\u20ac<\/td>\n<\/tr>\n<tr>\n<td>X<\/td>\n<td>20.08-27.08<\/td>\n<td>8<\/td>\n<td>\"Teenisuvi\" teatrilaager<\/td>\n<td>11-19<\/td>\n<td>165\u20ac<\/td>\n<td>145\u20ac<\/td>\n<\/tr>\n<tr>\n\n\n<\/tr>\n<\/tbody>\n<\/table>\n<\/div>\t\t<\/div>\n\t\t\t\t<\/div>\n\t\t\t\t<div class=\"elementor-element elementor-element-4a01d74 elementor-widget elementor-widget-spacer\" data-id=\"4a01d74\" data-element_type=\"widget\" data-widget_type=\"spacer.default\">\n\t\t\t\t<div class=\"elementor-widget-container\">\n\t\t\t\t\t<div class=\"elementor-spacer\">\n\t\t\t<div class=\"elementor-spacer-inner\"><\/div>\n\t\t<\/div>\n\t\t\t\t<\/div>\n\t\t\t\t<\/div>\n\t\t\t\t<div class=\"elementor-element elementor-element-61da82c elementor-view-default elementor-widget elementor-widget-icon\" data-id=\"61da82c\" data-element_type=\"widget\" data-widget_type=\"icon.default\">\n\t\t\t\t<div class=\"elementor-widget-container\">\n\t\t\t\t\t<div class=\"elementor-icon-wrapper\">\n\t\t\t<div class=\"elementor-icon\">\n\t\t\t<i aria-hidden=\"true\" class=\"fas fa-exclamation\"><\/i>\t\t\t<\/div>\n\t\t<\/div>\n\t\t\t\t<\/div>\n\t\t\t\t<\/div>\n\t\t\t\t<div class=\"elementor-element elementor-element-5353716 elementor-widget elementor-widget-spacer\" data-id=\"5353716\" data-element_type=\"widget\" data-widget_type=\"spacer.default\">\n\t\t\t\t<div class=\"elementor-widget-container\">\n\t\t\t\t\t<div class=\"elementor-spacer\">\n\t\t\t<div class=\"elementor-spacer-inner\"><\/div>\n\t\t<\/div>\n\t\t\t\t<\/div>\n\t\t\t\t<\/div>\n\t\t\t\t<div class=\"elementor-element elementor-element-0189973 elementor-widget elementor-widget-text-editor\" data-id=\"0189973\" data-element_type=\"widget\" data-widget_type=\"text-editor.default\">\n\t\t\t\t<div class=\"elementor-widget-container\">\n\t\t\t\t\t\t\t\t<p>Tallinna laste tuusiku hind on neile, kes registreerimisankeeti t\u00e4ites m\u00e4rgivad sellekohase soovi. Hiljem soodustust juurde lisada ega \u00fcmber registreerida ei ole v\u00f5imalik!<\/p><p>NB! Laager ei ole koolitusasutus, seet\u00f5ttu ei saa hiljem tagasi arvestada tuusikutelt tulumaksusoodustust.<\/p><p>\u00a0<\/p><p><strong>Klubi oma treeneriga &#8211; <\/strong>pakume majutust ja toitlustust laagri korraldamiseks spordiklubide ja organisatsioonide gruppidele, kes tulevad oma juhendajatega. K\u00fcsige hinnapakkumist! \u00dcksikbroneeringuid sellesse vahetusse ei saa teha.<\/p><p><strong>Teatri\u00f5pe &#8211;<\/strong> algajate \u00f5pe lavaesinemisest: keha- ja k\u00f5nekeele harjutused, et\u00fc\u00fcdid, rollim\u00e4ngud, improvisatsioonid. tehakse omaloomingulisi lavastusi. Juhendavad kasvatajad, kes on \u00f5ppinud draamapedagoogikat<\/p><p><strong>Spordialadest<\/strong> harrastatakse pallim\u00e4ngusid, jooksmist, orienteerumist,\u00a0 heite- ja t\u00f5ukealasid. Suuremat r\u00f5hku pannakse igas vahetuses tabelis esikohal olevale spordialale. Sportm\u00e4ngudeks on\u00a0 jalgpall, pesapall, korvpall, v\u00f5rkpall, rahvastepall.<\/p><p><strong>Tervisliku toitumise suunitlus<\/strong> meie laagris- igas vahetuses on s\u00f6\u00f6giaegadel lastel v\u00f5imalus ise kombineerida salateid v\u00e4rsketest k\u00f6\u00f6giviljadest. Kasvatajatelt saadakse teadmisi toiduvalmistamisest, tervislikust toidust, tasakaalustatud p\u00e4evamen\u00fc\u00fc koostamisest.<\/p><p><strong>Draama\u00f5pe &#8211;<\/strong>edasij\u00f5udnute \u00f5pe lavaesinemisest: keha- ja k\u00f5nekeele harjutused, partneriga et\u00fc\u00fcdid, meeskondlikud rollim\u00e4ngud, grupi- improvisatsioonid, tehakse omaloomingulisi lavastusi. Juhendavad kasvatajad, kes on \u00f5ppinud draamapedagoogikat<\/p><p><strong>Meeskonnat\u00f6\u00f6 &#8211;<\/strong> sotsialiseerumise algteadmised, koost\u00f6\u00f6d ja teistega arvestamist arendavad m\u00e4ngud, suhtlemisharjutused- ja m\u00e4ngud.<\/p><p><strong>II, IV ja VII\u00a0 vahetuses<\/strong> moodustatakse <strong>jalgpallihuvilistest<\/strong> grupp, kes\u00a0 tegeleb jalgpallim\u00e4nguga treeneri juhendamisel. Muud \u00fcritused ja \u00f5pikojad on koos \u00fclej\u00e4\u00e4nud laagriga.<\/p><p><strong>IX vahetuses<\/strong> toimub p\u00e4evane elu kahes grupis: <strong>ratturite grupis<\/strong> osaledes peaks olema kaasas oma jalgratas, kiiver ja helkurvest. Ratturite grupp teeb jalgrattaretki L\u00e4\u00e4ne-Harjumaa vaatamisv\u00e4\u00e4rsustele\u00a0 ja p\u00f5nevamatele maastikele. Eeldatakse liikluseeskirjade tundmist, head rattas\u00f5idu oskust ning vastupidavust. Teine grupp tegutseb samal ajal oma programmiga laagris kohapeal. Kahele grupile on iga p\u00e4ev \u00fchised laagri\u00fcritused ja ka ratturid osalevad loovtegevustes.<\/p><p><strong>Keele\u00f5pe &#8211; <\/strong>toimub baasteadmiste omandamine itaalia ja prantsuse keelest.<\/p><p><strong>Etikett &#8211;<\/strong> p\u00f5hioskuste omandamine l\u00e4bi m\u00e4ngude ja rollim\u00e4ngude viisakusreeglitest, headest k\u00e4itumismaneeridest, daamilikkusest ja dzhentelmenlikkusest.<\/p><p><strong>Ujumine &#8211;<\/strong> ujumise alg\u00f5petus ja suplused mererannas looduslikes tingimustes (sobivate ilmade korral) ujumistreeneri juhendamisel.<\/p><p><strong>F\u00fcsioteraapia &#8211;<\/strong> alg\u00f5petus inimese f\u00fc\u00fcsisest, lihaste t\u00f6\u00f6st, vigastuste v\u00e4ltimisest ja esmased eneseabi v\u00f5tted lihaspingetest vabanemiseks<\/p><p><strong>Teatrilaager TEENISUVI\u00a0 &#8211;<\/strong> programmi juhendavad draamapedagoogid, muusikud, n\u00e4itlejad ja\u00a0koreograafid. Vahetusse tulek eeldab s\u00fcgavamat huvi teatritegemiste ja esinemise vastu.\u00a0Vahetuse jooksul \u00f5pitakse selgeks muusikaline lavastus, millega esinetakse laagri l\u00f5pus P\u00e4rtlip\u00e4eva festivalil.<\/p><p><strong>B\u00e4ndi\u00f5pe &#8211;<\/strong> muusika\u00f5petaja juhendamisel \u00f5pitakse ja harjutatakse huvilistega\u00a0 ansamblim\u00e4ngu ABC-d. Eeldab soovijatel m\u00f5ne muusikainstrumendiga eelnevat sinas\u00f5prust v\u00f5i tutvust (kitarr, klaver, trumm).<\/p><p><strong>Lugemine &#8211;<\/strong> soovitame lastel laagrisse kaasa v\u00f5tta oma lemmikraamatu v\u00f5i kooli kohustusliku kirjandusteose. Laagris soovitame raamatute kooslugemist, sellele j\u00e4rgnevad arutelud ja v\u00f5imalusel haaravamate stseenide lavastamine.<\/p>\t\t\t\t\t\t<\/div>\n\t\t\t\t<\/div>\n\t\t\t\t<div class=\"elementor-element elementor-element-211363c elementor-widget elementor-widget-spacer\" data-id=\"211363c\" data-element_type=\"widget\" data-widget_type=\"spacer.default\">\n\t\t\t\t<div class=\"elementor-widget-container\">\n\t\t\t\t\t<div class=\"elementor-spacer\">\n\t\t\t<div class=\"elementor-spacer-inner\"><\/div>\n\t\t<\/div>\n\t\t\t\t<\/div>\n\t\t\t\t<\/div>\n\t\t\t\t\t<\/div>\n\t\t<\/div>\n\t\t\t\t\t\t\t<\/div>\n\t\t<\/section>\n\t\t\t\t<section class=\"elementor-section elementor-top-section elementor-element elementor-element-e1f7ad6 elementor-section-boxed elementor-section-height-default elementor-section-height-default\" data-id=\"e1f7ad6\" data-element_type=\"section\">\n\t\t\t\t\t\t<div class=\"elementor-container elementor-column-gap-default\">\n\t\t\t\t\t<div class=\"elementor-column elementor-col-100 elementor-top-column elementor-element elementor-element-106d87e\" data-id=\"106d87e\" data-element_type=\"column\">\n\t\t\t<div class=\"elementor-widget-wrap elementor-element-populated\">\n\t\t\t\t\t\t\t\t<div class=\"elementor-element elementor-element-5d3824b elementor-align-center elementor-widget elementor-widget-button\" data-id=\"5d3824b\" data-element_type=\"widget\" data-widget_type=\"button.default\">\n\t\t\t\t<div class=\"elementor-widget-container\">\n\t\t\t\t\t<div class=\"elementor-button-wrapper\">\n\t\t\t<a href=\"http:\/\/test.kutimuti.ee\/wordpress\/laager\/registreerimine\/\" class=\"elementor-button-link elementor-button elementor-size-md\" role=\"button\">\n\t\t\t\t\t\t<span class=\"elementor-button-content-wrapper\">\n\t\t\t\t\t\t<span class=\"elementor-button-text\">Registreeerimine<\/span>\n\t\t<\/span>\n\t\t\t\t\t<\/a>\n\t\t<\/div>\n\t\t\t\t<\/div>\n\t\t\t\t<\/div>\n\t\t\t\t\t<\/div>\n\t\t<\/div>\n\t\t\t\t\t\t\t<\/div>\n\t\t<\/section>\n\t\t\t\t\t\t<\/div>\n\t\t\t\t\t<\/div>\n\t\t","protected":false},"excerpt":{"rendered":"<p>KutiMuti vahetused 2021 Vahetus Aeg Pikkus (p\u00e4eva) Suunitlus Vanus Hind Tallinna laste hind I 05.06-12.06 8 Spordiklubi oma personaliga II 13.06-20.06 8 Teatri\u00f5pe, jalgpall, kergej\u00f5ustik, &hellip;<\/p>\n","protected":false},"author":1,"featured_media":0,"parent":0,"menu_order":0,"comment_status":"closed","ping_status":"closed","template":"","meta":{"footnotes":""},"class_list":["post-66","page","type-page","status-publish","hentry"],"_links":{"self":[{"href":"http:\/\/test.kutimuti.ee\/wordpress\/wp-json\/wp\/v2\/pages\/66","targetHints":{"allow":["GET"]}}],"collection":[{"href":"http:\/\/test.kutimuti.ee\/wordpress\/wp-json\/wp\/v2\/pages"}],"about":[{"href":"http:\/\/test.kutimuti.ee\/wordpress\/wp-json\/wp\/v2\/types\/page"}],"author":[{"embeddable":true,"href":"http:\/\/test.kutimuti.ee\/wordpress\/wp-json\/wp\/v2\/users\/1"}],"replies":[{"embeddable":true,"href":"http:\/\/test.kutimuti.ee\/wordpress\/wp-json\/wp\/v2\/comments?post=66"}],"version-history":[{"count":41,"href":"http:\/\/test.kutimuti.ee\/wordpress\/wp-json\/wp\/v2\/pages\/66\/revisions"}],"predecessor-version":[{"id":882,"href":"http:\/\/test.kutimuti.ee\/wordpress\/wp-json\/wp\/v2\/pages\/66\/revisions\/882"}],"wp:attachment":[{"href":"http:\/\/test.kutimuti.ee\/wordpress\/wp-json\/wp\/v2\/media?parent=66"}],"curies":[{"name":"wp","href":"https:\/\/api.w.org\/{rel}","templated":true}]}}